{"id":868,"date":"2026-01-20T13:25:14","date_gmt":"2026-01-20T11:25:14","guid":{"rendered":"https:\/\/dancedu.ptde.uoi.gr\/dr-zoi-margari\/"},"modified":"2026-03-12T17:36:49","modified_gmt":"2026-03-12T15:36:49","slug":"dr-zoi-margari","status":"publish","type":"page","link":"https:\/\/dancedu.ptde.uoi.gr\/en\/dr-zoi-margari\/","title":{"rendered":"Dr. Zoi Margari"},"content":{"rendered":"\t\t<div data-elementor-type=\"wp-page\" data-elementor-id=\"868\" class=\"elementor elementor-868\">\n\t\t\t\t<div class=\"elementor-element elementor-element-9b7ab44 e-con-full e-flex e-con e-parent\" data-id=\"9b7ab44\" data-element_type=\"container\" data-e-type=\"container\" data-settings=\"{&quot;background_background&quot;:&quot;classic&quot;}\">\n\t\t\t\t<div class=\"elementor-element elementor-element-b78c0f8 elementor-widget elementor-widget-spacer\" data-id=\"b78c0f8\" data-element_type=\"widget\" data-e-type=\"widget\" data-widget_type=\"spacer.default\">\n\t\t\t\t\t\t\t<div class=\"elementor-spacer\">\n\t\t\t<div class=\"elementor-spacer-inner\"><\/div>\n\t\t<\/div>\n\t\t\t\t\t\t<\/div>\n\t\t\t\t<\/div>\n\t\t<div class=\"elementor-element elementor-element-dc7507a e-con-full e-flex e-con e-parent\" data-id=\"dc7507a\" data-element_type=\"container\" data-e-type=\"container\">\n\t\t<div class=\"elementor-element elementor-element-55dd997 e-con-full e-flex e-con e-child\" data-id=\"55dd997\" data-element_type=\"container\" data-e-type=\"container\">\n\t\t<div class=\"elementor-element elementor-element-7cbc5f0 e-con-full e-flex e-con e-child\" data-id=\"7cbc5f0\" data-element_type=\"container\" data-e-type=\"container\">\n\t\t\t\t<div class=\"elementor-element elementor-element-4c16cf6 elementor-widget elementor-widget-image\" data-id=\"4c16cf6\" data-element_type=\"widget\" data-e-type=\"widget\" data-widget_type=\"image.default\">\n\t\t\t\t\t\t\t\t\t\t\t\t\t\t\t<img fetchpriority=\"high\" decoding=\"async\" width=\"350\" height=\"350\" src=\"https:\/\/dancedu.ptde.uoi.gr\/wp-content\/uploads\/2025\/12\/margari.png\" class=\"attachment-full size-full wp-image-502\" alt=\"\" srcset=\"https:\/\/dancedu.ptde.uoi.gr\/wp-content\/uploads\/2025\/12\/margari.png 350w, https:\/\/dancedu.ptde.uoi.gr\/wp-content\/uploads\/2025\/12\/margari-300x300.png 300w, https:\/\/dancedu.ptde.uoi.gr\/wp-content\/uploads\/2025\/12\/margari-150x150.png 150w\" sizes=\"(max-width: 350px) 100vw, 350px\" \/>\t\t\t\t\t\t\t\t\t\t\t\t\t\t\t<\/div>\n\t\t\t\t<\/div>\n\t\t<div class=\"elementor-element elementor-element-2f5e63a e-con-full e-flex e-con e-child\" data-id=\"2f5e63a\" data-element_type=\"container\" data-e-type=\"container\">\n\t\t\t\t<div class=\"elementor-element elementor-element-5e1f77a elementor-widget elementor-widget-heading\" data-id=\"5e1f77a\" data-element_type=\"widget\" data-e-type=\"widget\" data-widget_type=\"heading.default\">\n\t\t\t\t\t<h2 class=\"elementor-heading-title elementor-size-default\">Dr. Zoi N. Magari - Asociate Professor<\/h2>\t\t\t\t<\/div>\n\t\t\t\t<div class=\"elementor-element elementor-element-a4d501a elementor-widget__width-initial elementor-widget elementor-widget-text-editor\" data-id=\"a4d501a\" data-element_type=\"widget\" data-e-type=\"widget\" data-widget_type=\"text-editor.default\">\n\t\t\t\t\t\t\t\t\t<p><strong>Dr. Zo\u00ed N. M\u00e1gari<\/strong> completed her undergraduate, postgraduate, and doctoral studies in Ethnology, Anthropology, and Kinesiology. Her expertise lies in the anthropological study of the intangible dimensions of folk culture, with a focus on the analysis of customary ritual manifestations of the performing arts and an emphasis on the ethno-anthropological approach to folk performances and dance.<\/p><p>From 1999 to 2009 she served as a Scientific Associate (1999\u20132002), Lecturer in Applied Practice (2002\u20132005), and Permanent Lecturer in Applied Practice (2005\u20132009) in the Department of Folk and Traditional Music at the Epirus Technological Educational Institute (ATEI), for whose establishment she co-authored the scientific founding study together with G. Kokk\u00f3nis and M. Zoumpo\u00fal\u0113s. In May 2008 she was elected Researcher at the Centre for the Study of Greek Folklore of the Academy of Athens, where she continues to serve to this day as a Senior Researcher.<\/p><p>She has participated as a scientific collaborator, researcher, and research director in numerous research projects, has conducted extensive anthropological fieldwork in Greece and abroad, and has contributed to international research initiatives of a similar scope. Additionally, from 1999 to the present she has taught continuously in undergraduate and postgraduate programs at several Higher Education Institutions (HOU, NKUA, ESDAA, among others).<\/p><p>She has taken part in Greek and international conferences and has published books and articles in Greek and international scholarly journals, presenting ethnographic and theoretical studies on contemporary ethno-anthropological approaches to folk culture. She is a member of the National Scientific Committee for the Implementation of the Convention for the Safeguarding of the Intangible Cultural Heritage and serves on four scientific working groups of international academic bodies and organizations focusing on the anthropological study of performative cultural practices.<\/p>\t\t\t\t\t\t\t\t<\/div>\n\t\t\t\t<\/div>\n\t\t\t\t<\/div>\n\t\t\t\t<\/div>\n\t\t\t\t<\/div>\n\t\t","protected":false},"excerpt":{"rendered":"<p>Dr. Zoi N. Magari &#8211; Asociate Professor Dr. Zo\u00ed N. M\u00e1gari completed her undergraduate, postgraduate, and doctoral studies in Ethnology, [&hellip;]<\/p>\n","protected":false},"author":1,"featured_media":0,"parent":0,"menu_order":0,"comment_status":"closed","ping_status":"closed","template":"","meta":{"site-sidebar-layout":"no-sidebar","site-content-layout":"","ast-site-content-layout":"full-width-container","site-content-style":"default","site-sidebar-style":"default","ast-global-header-display":"","ast-banner-title-visibility":"","ast-main-header-display":"","ast-hfb-above-header-display":"","ast-hfb-below-header-display":"","ast-hfb-mobile-header-display":"","site-post-title":"disabled","ast-breadcrumbs-content":"","ast-featured-img":"disabled","footer-sml-layout":"","theme-transparent-header-meta":"","adv-header-id-meta":"","stick-header-meta":"","header-above-stick-meta":"","header-main-stick-meta":"","header-below-stick-meta":"","astra-migrate-meta-layouts":"default","ast-page-background-enabled":"default","ast-page-background-meta":{"desktop":{"background-color":"var(--ast-global-color-5)","background-image":"","background-repeat":"repeat","background-position":"center center","background-size":"auto","background-attachment":"scroll","background-type":"","background-media":"","overlay-type":"","overlay-color":"","overlay-opacity":"","overlay-gradient":""},"tablet":{"background-color":"","background-image":"","background-repeat":"repeat","background-position":"center center","background-size":"auto","background-attachment":"scroll","background-type":"","background-media":"","overlay-type":"","overlay-color":"","overlay-opacity":"","overlay-gradient":""},"mobile":{"background-color":"","background-image":"","background-repeat":"repeat","background-position":"center center","background-size":"auto","background-attachment":"scroll","background-type":"","background-media":"","overlay-type":"","overlay-color":"","overlay-opacity":"","overlay-gradient":""}},"ast-content-background-meta":{"desktop":{"background-color":"var(--ast-global-color-4)","background-image":"","background-repeat":"repeat","background-position":"center center","background-size":"auto","background-attachment":"scroll","background-type":"","background-media":"","overlay-type":"","overlay-color":"","overlay-opacity":"","overlay-gradient":""},"tablet":{"background-color":"var(--ast-global-color-4)","background-image":"","background-repeat":"repeat","background-position":"center center","background-size":"auto","background-attachment":"scroll","background-type":"","background-media":"","overlay-type":"","overlay-color":"","overlay-opacity":"","overlay-gradient":""},"mobile":{"background-color":"var(--ast-global-color-4)","background-image":"","background-repeat":"repeat","background-position":"center center","background-size":"auto","background-attachment":"scroll","background-type":"","background-media":"","overlay-type":"","overlay-color":"","overlay-opacity":"","overlay-gradient":""}},"footnotes":""},"class_list":["post-868","page","type-page","status-publish","hentry"],"yoast_head":"<!-- This site is optimized with the Yoast SEO plugin v26.9 - https:\/\/yoast.com\/product\/yoast-seo-wordpress\/ -->\n<title>Dr. Zoi Margari - Dance EDU<\/title>\n<meta name=\"robots\" content=\"noindex, follow\" \/>\n<meta property=\"og:locale\" content=\"en_US\" \/>\n<meta property=\"og:type\" content=\"article\" \/>\n<meta property=\"og:title\" content=\"Dr. Zoi Margari - Dance EDU\" \/>\n<meta property=\"og:description\" content=\"Dr. Zoi N. Magari &#8211; Asociate Professor Dr. Zo\u00ed N. M\u00e1gari completed her undergraduate, postgraduate, and doctoral studies in Ethnology, [&hellip;]\" \/>\n<meta property=\"og:url\" content=\"https:\/\/dancedu.ptde.uoi.gr\/en\/dr-zoi-margari\/\" \/>\n<meta property=\"og:site_name\" content=\"Dance EDU\" \/>\n<meta property=\"article:modified_time\" content=\"2026-03-12T15:36:49+00:00\" \/>\n<meta property=\"og:image\" content=\"https:\/\/dancedu.ptde.uoi.gr\/wp-content\/uploads\/2025\/12\/margari.png\" \/>\n\t<meta property=\"og:image:width\" content=\"350\" \/>\n\t<meta property=\"og:image:height\" content=\"350\" \/>\n\t<meta property=\"og:image:type\" content=\"image\/png\" \/>\n<meta name=\"twitter:card\" content=\"summary_large_image\" \/>\n<meta name=\"twitter:label1\" content=\"Est. reading time\" \/>\n\t<meta name=\"twitter:data1\" content=\"2 minutes\" \/>\n<script type=\"application\/ld+json\" class=\"yoast-schema-graph\">{\"@context\":\"https:\/\/schema.org\",\"@graph\":[{\"@type\":\"WebPage\",\"@id\":\"https:\/\/dancedu.ptde.uoi.gr\/en\/dr-zoi-margari\/\",\"url\":\"https:\/\/dancedu.ptde.uoi.gr\/en\/dr-zoi-margari\/\",\"name\":\"Dr. Zoi Margari - Dance EDU\",\"isPartOf\":{\"@id\":\"https:\/\/dancedu.ptde.uoi.gr\/#website\"},\"primaryImageOfPage\":{\"@id\":\"https:\/\/dancedu.ptde.uoi.gr\/en\/dr-zoi-margari\/#primaryimage\"},\"image\":{\"@id\":\"https:\/\/dancedu.ptde.uoi.gr\/en\/dr-zoi-margari\/#primaryimage\"},\"thumbnailUrl\":\"https:\/\/dancedu.ptde.uoi.gr\/wp-content\/uploads\/2025\/12\/margari.png\",\"datePublished\":\"2026-01-20T11:25:14+00:00\",\"dateModified\":\"2026-03-12T15:36:49+00:00\",\"breadcrumb\":{\"@id\":\"https:\/\/dancedu.ptde.uoi.gr\/en\/dr-zoi-margari\/#breadcrumb\"},\"inLanguage\":\"en-US\",\"potentialAction\":[{\"@type\":\"ReadAction\",\"target\":[\"https:\/\/dancedu.ptde.uoi.gr\/en\/dr-zoi-margari\/\"]}]},{\"@type\":\"ImageObject\",\"inLanguage\":\"en-US\",\"@id\":\"https:\/\/dancedu.ptde.uoi.gr\/en\/dr-zoi-margari\/#primaryimage\",\"url\":\"https:\/\/dancedu.ptde.uoi.gr\/wp-content\/uploads\/2025\/12\/margari.png\",\"contentUrl\":\"https:\/\/dancedu.ptde.uoi.gr\/wp-content\/uploads\/2025\/12\/margari.png\"},{\"@type\":\"BreadcrumbList\",\"@id\":\"https:\/\/dancedu.ptde.uoi.gr\/en\/dr-zoi-margari\/#breadcrumb\",\"itemListElement\":[{\"@type\":\"ListItem\",\"position\":1,\"name\":\"Home\",\"item\":\"https:\/\/dancedu.ptde.uoi.gr\/en\/\"},{\"@type\":\"ListItem\",\"position\":2,\"name\":\"Dr. Zoi Margari\"}]},{\"@type\":\"WebSite\",\"@id\":\"https:\/\/dancedu.ptde.uoi.gr\/#website\",\"url\":\"https:\/\/dancedu.ptde.uoi.gr\/\",\"name\":\"Dance EDU\",\"description\":\"\",\"publisher\":{\"@id\":\"https:\/\/dancedu.ptde.uoi.gr\/#organization\"},\"potentialAction\":[{\"@type\":\"SearchAction\",\"target\":{\"@type\":\"EntryPoint\",\"urlTemplate\":\"https:\/\/dancedu.ptde.uoi.gr\/?s={search_term_string}\"},\"query-input\":{\"@type\":\"PropertyValueSpecification\",\"valueRequired\":true,\"valueName\":\"search_term_string\"}}],\"inLanguage\":\"en-US\"},{\"@type\":\"Organization\",\"@id\":\"https:\/\/dancedu.ptde.uoi.gr\/#organization\",\"name\":\"Dance EDU\",\"url\":\"https:\/\/dancedu.ptde.uoi.gr\/\",\"logo\":{\"@type\":\"ImageObject\",\"inLanguage\":\"en-US\",\"@id\":\"https:\/\/dancedu.ptde.uoi.gr\/#\/schema\/logo\/image\/\",\"url\":\"https:\/\/dancedu.ptde.uoi.gr\/wp-content\/uploads\/2025\/11\/lfc-black-techt-greek-1-scaled.webp\",\"contentUrl\":\"https:\/\/dancedu.ptde.uoi.gr\/wp-content\/uploads\/2025\/11\/lfc-black-techt-greek-1-scaled.webp\",\"width\":2560,\"height\":1163,\"caption\":\"Dance EDU\"},\"image\":{\"@id\":\"https:\/\/dancedu.ptde.uoi.gr\/#\/schema\/logo\/image\/\"}}]}<\/script>\n<!-- \/ Yoast SEO plugin. -->","yoast_head_json":{"title":"Dr. Zoi Margari - Dance EDU","robots":{"index":"noindex","follow":"follow"},"og_locale":"en_US","og_type":"article","og_title":"Dr. Zoi Margari - Dance EDU","og_description":"Dr. Zoi N. Magari &#8211; Asociate Professor Dr. Zo\u00ed N. M\u00e1gari completed her undergraduate, postgraduate, and doctoral studies in Ethnology, [&hellip;]","og_url":"https:\/\/dancedu.ptde.uoi.gr\/en\/dr-zoi-margari\/","og_site_name":"Dance EDU","article_modified_time":"2026-03-12T15:36:49+00:00","og_image":[{"width":350,"height":350,"url":"https:\/\/dancedu.ptde.uoi.gr\/wp-content\/uploads\/2025\/12\/margari.png","type":"image\/png"}],"twitter_card":"summary_large_image","twitter_misc":{"Est. reading time":"2 minutes"},"schema":{"@context":"https:\/\/schema.org","@graph":[{"@type":"WebPage","@id":"https:\/\/dancedu.ptde.uoi.gr\/en\/dr-zoi-margari\/","url":"https:\/\/dancedu.ptde.uoi.gr\/en\/dr-zoi-margari\/","name":"Dr. Zoi Margari - Dance EDU","isPartOf":{"@id":"https:\/\/dancedu.ptde.uoi.gr\/#website"},"primaryImageOfPage":{"@id":"https:\/\/dancedu.ptde.uoi.gr\/en\/dr-zoi-margari\/#primaryimage"},"image":{"@id":"https:\/\/dancedu.ptde.uoi.gr\/en\/dr-zoi-margari\/#primaryimage"},"thumbnailUrl":"https:\/\/dancedu.ptde.uoi.gr\/wp-content\/uploads\/2025\/12\/margari.png","datePublished":"2026-01-20T11:25:14+00:00","dateModified":"2026-03-12T15:36:49+00:00","breadcrumb":{"@id":"https:\/\/dancedu.ptde.uoi.gr\/en\/dr-zoi-margari\/#breadcrumb"},"inLanguage":"en-US","potentialAction":[{"@type":"ReadAction","target":["https:\/\/dancedu.ptde.uoi.gr\/en\/dr-zoi-margari\/"]}]},{"@type":"ImageObject","inLanguage":"en-US","@id":"https:\/\/dancedu.ptde.uoi.gr\/en\/dr-zoi-margari\/#primaryimage","url":"https:\/\/dancedu.ptde.uoi.gr\/wp-content\/uploads\/2025\/12\/margari.png","contentUrl":"https:\/\/dancedu.ptde.uoi.gr\/wp-content\/uploads\/2025\/12\/margari.png"},{"@type":"BreadcrumbList","@id":"https:\/\/dancedu.ptde.uoi.gr\/en\/dr-zoi-margari\/#breadcrumb","itemListElement":[{"@type":"ListItem","position":1,"name":"Home","item":"https:\/\/dancedu.ptde.uoi.gr\/en\/"},{"@type":"ListItem","position":2,"name":"Dr. Zoi Margari"}]},{"@type":"WebSite","@id":"https:\/\/dancedu.ptde.uoi.gr\/#website","url":"https:\/\/dancedu.ptde.uoi.gr\/","name":"Dance EDU","description":"","publisher":{"@id":"https:\/\/dancedu.ptde.uoi.gr\/#organization"},"potentialAction":[{"@type":"SearchAction","target":{"@type":"EntryPoint","urlTemplate":"https:\/\/dancedu.ptde.uoi.gr\/?s={search_term_string}"},"query-input":{"@type":"PropertyValueSpecification","valueRequired":true,"valueName":"search_term_string"}}],"inLanguage":"en-US"},{"@type":"Organization","@id":"https:\/\/dancedu.ptde.uoi.gr\/#organization","name":"Dance EDU","url":"https:\/\/dancedu.ptde.uoi.gr\/","logo":{"@type":"ImageObject","inLanguage":"en-US","@id":"https:\/\/dancedu.ptde.uoi.gr\/#\/schema\/logo\/image\/","url":"https:\/\/dancedu.ptde.uoi.gr\/wp-content\/uploads\/2025\/11\/lfc-black-techt-greek-1-scaled.webp","contentUrl":"https:\/\/dancedu.ptde.uoi.gr\/wp-content\/uploads\/2025\/11\/lfc-black-techt-greek-1-scaled.webp","width":2560,"height":1163,"caption":"Dance EDU"},"image":{"@id":"https:\/\/dancedu.ptde.uoi.gr\/#\/schema\/logo\/image\/"}}]}},"_links":{"self":[{"href":"https:\/\/dancedu.ptde.uoi.gr\/en\/wp-json\/wp\/v2\/pages\/868","targetHints":{"allow":["GET"]}}],"collection":[{"href":"https:\/\/dancedu.ptde.uoi.gr\/en\/wp-json\/wp\/v2\/pages"}],"about":[{"href":"https:\/\/dancedu.ptde.uoi.gr\/en\/wp-json\/wp\/v2\/types\/page"}],"author":[{"embeddable":true,"href":"https:\/\/dancedu.ptde.uoi.gr\/en\/wp-json\/wp\/v2\/users\/1"}],"replies":[{"embeddable":true,"href":"https:\/\/dancedu.ptde.uoi.gr\/en\/wp-json\/wp\/v2\/comments?post=868"}],"version-history":[{"count":3,"href":"https:\/\/dancedu.ptde.uoi.gr\/en\/wp-json\/wp\/v2\/pages\/868\/revisions"}],"predecessor-version":[{"id":989,"href":"https:\/\/dancedu.ptde.uoi.gr\/en\/wp-json\/wp\/v2\/pages\/868\/revisions\/989"}],"wp:attachment":[{"href":"https:\/\/dancedu.ptde.uoi.gr\/en\/wp-json\/wp\/v2\/media?parent=868"}],"curies":[{"name":"wp","href":"https:\/\/api.w.org\/{rel}","templated":true}]}}